{"id":28963,"date":"2022-02-25T13:39:36","date_gmt":"2022-02-25T12:39:36","guid":{"rendered":"https:\/\/silicon-saxony.de\/impressum\/"},"modified":"2026-01-20T10:22:49","modified_gmt":"2026-01-20T09:22:49","slug":"imprint","status":"publish","type":"page","link":"https:\/\/silicon-saxony.de\/en\/imprint\/","title":{"rendered":"Imprint"},"content":{"rendered":"<section class=\"l-section wpb_row height_medium\"><div class=\"l-section-h i-cf\"><div class=\"g-cols vc_row via_grid cols_1 laptops-cols_inherit tablets-cols_inherit mobiles-cols_1 valign_top type_default stacking_default\"><div class=\"wpb_column vc_column_container\"><div class=\"vc_column-inner\"><nav class=\"g-breadcrumbs separator_custom align_none\" itemscope itemtype=\"http:\/\/schema.org\/BreadcrumbList\"><div class=\"g-breadcrumbs-item\" itemscope itemprop=\"itemListElement\" itemtype=\"http:\/\/schema.org\/ListItem\"><a itemprop=\"item\" href=\"https:\/\/silicon-saxony.de\/en\/\"><span itemprop=\"name\">Home<\/span><\/a><meta itemprop=\"position\" content=\"1\"\/><\/div><div class=\"g-breadcrumbs-separator\">|<\/div><div class=\"g-breadcrumbs-item\">Pages<\/div><\/nav><div class=\"wpb_text_column\"><div class=\"wpb_wrapper\"><h2 style=\"text-align: center;\">Imprint<\/h2>\n<\/div><\/div><div class=\"wpb_text_column\"><div class=\"wpb_wrapper\"><h2>Information according to \u00a7 5 TMG<\/h2>\n<p>Silicon Saxony e. V.<br \/>\nManfred-von-Ardenne-Ring 20F,<br \/>\n01099 Dresden<\/p>\n<p>Register of associations: VR 3903<br \/>\nRegister court: Dresden<\/p>\n<p><strong>Represented by:<\/strong><br \/>\nPresidium (Executive Board within the meaning of \u00a726 BGB): Prof. Dr. Frank Sch\u00f6nefeld, Dirk R\u00f6hrborn, Heike Wilson, Raik Brettschneider, Ren\u00e9 Reichardt<\/p>\n<p>Contact: Frank B\u00f6senberg, Managing Director (representative within the meaning of \u00a730BGB)<\/p>\n<h3>Contact<\/h3>\n<p>Phone: +49 351 8925 888<br \/>\nE-mail: info@silicon-saxony.de<\/p>\n<h3>Sales tax ID<\/h3>\n<p>Sales tax identification number according to \u00a7 27 a sales tax law:<br \/>\nDE222662079<\/p>\n<h3>Editorially responsible according to \u00a7 18 Abs. 2 MStV: <\/h3>\n<p>Robert Krau\u00dfe<br \/>\nManfred-von-Ardenne-Ring 20F<br \/>\n01099 Dresden<\/p>\n<h3>Consumer dispute resolution\/universal arbitration board<\/h3>\n<p>We are not willing or obliged to participate in dispute resolution proceedings before a consumer arbitration board.<\/p>\n<p><b>Conception and creation of the website<\/b><\/p>\n<p><b><\/b><a href=\"https:\/\/www.webneo.de\/\" rel=\"nofollow\">WEBneo GmbH<\/a> &#8211; Internet agency for online marketing<\/p>\n<\/div><\/div><div class=\"wpb_text_column\"><div class=\"wpb_wrapper\"><h3>DISCLAIMER<\/h3>\n<h4>1. contents of the online offer<\/h4>\n<p>The authors assume no liability for the topicality, correctness, completeness or quality of the information provided. Liability claims against the authors relating to material or immaterial damage caused by the use or non-use of the information provided or by the use of incorrect or incomplete information are fundamentally excluded, unless there is evidence of wilful intent or gross negligence on the part of the authors. All offers are subject to change and non-binding. The authors expressly reserve the right to change, supplement or delete parts of the pages or the entire offer without prior notice or to cease publication temporarily or permanently.   <\/p>\n<h4>2. references and links<\/h4>\n<p>In the case of direct or indirect references to external websites (&#8220;links&#8221;) that lie outside the authors&#8217; area of responsibility, a liability obligation would only come into force if the authors were aware of the content and it would be technically possible and reasonable for them to prevent use in the event of illegal content. The authors therefore expressly declare that the linked pages were free of illegal content at the time the links were created. The authors have no influence whatsoever on the current and future design and content of the linked pages. Therefore, they hereby expressly distance themselves from all contents of all linked pages that were changed after the link was created. This statement applies to all links and references set within the own Internet offer. For illegal, incorrect or incomplete contents and in particular for damages of any kind arising from the use or non-use of such information offered, only the provider of the page to which reference was made is liable, not the person who merely refers to the respective publication via links.     <\/p>\n<h4>3. copyright and trademark law<\/h4>\n<p>The authors endeavor to observe the copyrights of the graphics and texts used in all publications, to use graphics and texts they have created themselves or to use license-free graphics and texts. All brands and trademarks mentioned on the website and possibly protected by third parties are subject without restriction to the provisions of the applicable trademark law and the ownership rights of the respective registered owners. The mere mention of a brand or trademark does not imply that it is not protected by third-party rights! The copyright for published objects created by the authors themselves remains solely with the authors of the pages. Reproduction or use of such graphics and texts in other electronic or printed publications is not permitted without the express permission of the author.    <\/p>\n<h4>4. pictures<\/h4>\n<p>The Silicon Saxony e. V. website uses photos from <a href=\"http:\/\/www.fotolia.com\">http:\/\/www.fotolia.com<\/a>, among others. and <a href=\"http:\/\/istock.com\">http:\/\/istock.com<\/a> For specific image credits, please contact info@silicon-saxony.de.<\/p>\n<p>The respective member is responsible for images on the profile pages of individual members, as the profile is managed by the member themselves. The companies were advised to only use images (with the appropriate sources) for which they hold the relevant rights. In the event of rights infringements, please contact the respective association member. To delete an image, please send an email to <a href=\"mailto:privacy@silicon-saxony.de\">privacy@silicon-saxony.de<\/a>.<\/p>\n<\/div><\/div><div class=\"w-iconbox iconpos_left style_default color_primary align_left no_text\"><a target=\"_blank\" href=\"https:\/\/silicon-saxony.de\/en\/gtc\/\" class=\"w-iconbox-link\" aria-label=\"General Terms and Conditions for Trade Fairs and Events (GTC)\"><div class=\"w-iconbox-icon\" style=\"font-size:2rem;\"><i class=\"fas fa-download\"><\/i><\/div><\/a><div class=\"w-iconbox-meta\"><p class=\"w-iconbox-title\"><a target=\"_blank\" href=\"https:\/\/silicon-saxony.de\/en\/gtc\/\" class=\"w-iconbox-link\" aria-label=\"General Terms and Conditions for Trade Fairs and Events (GTC)\">General Terms and Conditions for Trade Fairs and Events (GTC)<\/a><\/p><\/div><\/div><\/div><\/div><\/div><\/div><\/section>\n","protected":false},"excerpt":{"rendered":"Home|PagesImprint Information according to \u00a7 5 TMG Silicon Saxony e. V. Manfred-von-Ardenne-Ring 20F, 01099 Dresden Register of associations: VR 3903 Register court: Dresden Represented by: Presidium (Executive Board within the meaning of \u00a726 BGB): Prof. Dr. Frank Sch\u00f6nefeld, Dirk R\u00f6hrborn, Heike Wilson, Raik Brettschneider, Ren\u00e9 Reichardt Contact: Frank B\u00f6senberg, Managing Director (representative within the meaning...","protected":false},"author":1,"featured_media":0,"parent":0,"menu_order":0,"comment_status":"closed","ping_status":"closed","template":"","meta":{"_acf_changed":false,"inline_featured_image":false,"footnotes":"","_links_to":"","_links_to_target":""},"class_list":["post-28963","page","type-page","status-publish","hentry"],"acf":[],"yoast_head":"<!-- This site is optimized with the Yoast SEO plugin v27.1.1 - https:\/\/yoast.com\/product\/yoast-seo-wordpress\/ -->\n<title>Imprint - Silicon Saxony<\/title>\n<meta name=\"description\" content=\"Contact, disclaimer, pictures - the imprint of our Silicon Saxony page informs you about all legal aspects.\" \/>\n<meta name=\"robots\" content=\"index, follow, max-snippet:-1, max-image-preview:large, max-video-preview:-1\" \/>\n<link rel=\"canonical\" href=\"https:\/\/silicon-saxony.de\/en\/imprint\/\" \/>\n<meta property=\"og:locale\" content=\"en_US\" \/>\n<meta property=\"og:type\" content=\"article\" \/>\n<meta property=\"og:title\" content=\"Imprint - Silicon Saxony\" \/>\n<meta property=\"og:description\" content=\"Contact, disclaimer, pictures - the imprint of our Silicon Saxony page informs you about all legal aspects.\" \/>\n<meta property=\"og:url\" content=\"https:\/\/silicon-saxony.de\/en\/imprint\/\" \/>\n<meta property=\"og:site_name\" content=\"Silicon Saxony\" \/>\n<meta property=\"article:modified_time\" content=\"2026-01-20T09:22:49+00:00\" \/>\n<meta name=\"twitter:card\" content=\"summary_large_image\" \/>\n<meta name=\"twitter:label1\" content=\"Est. reading time\" \/>\n\t<meta name=\"twitter:data1\" content=\"4 minutes\" \/>\n<script type=\"application\/ld+json\" class=\"yoast-schema-graph\">{\"@context\":\"https:\/\/schema.org\",\"@graph\":[{\"@type\":\"WebPage\",\"@id\":\"https:\/\/silicon-saxony.de\/en\/imprint\/\",\"url\":\"https:\/\/silicon-saxony.de\/en\/imprint\/\",\"name\":\"Imprint - Silicon Saxony\",\"isPartOf\":{\"@id\":\"https:\/\/silicon-saxony.de\/en\/#website\"},\"datePublished\":\"2022-02-25T12:39:36+00:00\",\"dateModified\":\"2026-01-20T09:22:49+00:00\",\"description\":\"Contact, disclaimer, pictures - the imprint of our Silicon Saxony page informs you about all legal aspects.\",\"breadcrumb\":{\"@id\":\"https:\/\/silicon-saxony.de\/en\/imprint\/#breadcrumb\"},\"inLanguage\":\"en-US\",\"potentialAction\":[{\"@type\":\"ReadAction\",\"target\":[\"https:\/\/silicon-saxony.de\/en\/imprint\/\"]}]},{\"@type\":\"BreadcrumbList\",\"@id\":\"https:\/\/silicon-saxony.de\/en\/imprint\/#breadcrumb\",\"itemListElement\":[{\"@type\":\"ListItem\",\"position\":1,\"name\":\"Home\",\"item\":\"https:\/\/silicon-saxony.de\/en\/home\/\"},{\"@type\":\"ListItem\",\"position\":2,\"name\":\"Imprint\"}]},{\"@type\":\"WebSite\",\"@id\":\"https:\/\/silicon-saxony.de\/en\/#website\",\"url\":\"https:\/\/silicon-saxony.de\/en\/\",\"name\":\"Silicon Saxony\",\"description\":\"Germany&#039;s Hightech Network - Semiconductors, Software, Robotics\",\"potentialAction\":[{\"@type\":\"SearchAction\",\"target\":{\"@type\":\"EntryPoint\",\"urlTemplate\":\"https:\/\/silicon-saxony.de\/en\/?s={search_term_string}\"},\"query-input\":{\"@type\":\"PropertyValueSpecification\",\"valueRequired\":true,\"valueName\":\"search_term_string\"}}],\"inLanguage\":\"en-US\"}]}<\/script>\n<!-- \/ Yoast SEO plugin. -->","yoast_head_json":{"title":"Imprint - Silicon Saxony","description":"Contact, disclaimer, pictures - the imprint of our Silicon Saxony page informs you about all legal aspects.","robots":{"index":"index","follow":"follow","max-snippet":"max-snippet:-1","max-image-preview":"max-image-preview:large","max-video-preview":"max-video-preview:-1"},"canonical":"https:\/\/silicon-saxony.de\/en\/imprint\/","og_locale":"en_US","og_type":"article","og_title":"Imprint - Silicon Saxony","og_description":"Contact, disclaimer, pictures - the imprint of our Silicon Saxony page informs you about all legal aspects.","og_url":"https:\/\/silicon-saxony.de\/en\/imprint\/","og_site_name":"Silicon Saxony","article_modified_time":"2026-01-20T09:22:49+00:00","twitter_card":"summary_large_image","twitter_misc":{"Est. reading time":"4 minutes"},"schema":{"@context":"https:\/\/schema.org","@graph":[{"@type":"WebPage","@id":"https:\/\/silicon-saxony.de\/en\/imprint\/","url":"https:\/\/silicon-saxony.de\/en\/imprint\/","name":"Imprint - Silicon Saxony","isPartOf":{"@id":"https:\/\/silicon-saxony.de\/en\/#website"},"datePublished":"2022-02-25T12:39:36+00:00","dateModified":"2026-01-20T09:22:49+00:00","description":"Contact, disclaimer, pictures - the imprint of our Silicon Saxony page informs you about all legal aspects.","breadcrumb":{"@id":"https:\/\/silicon-saxony.de\/en\/imprint\/#breadcrumb"},"inLanguage":"en-US","potentialAction":[{"@type":"ReadAction","target":["https:\/\/silicon-saxony.de\/en\/imprint\/"]}]},{"@type":"BreadcrumbList","@id":"https:\/\/silicon-saxony.de\/en\/imprint\/#breadcrumb","itemListElement":[{"@type":"ListItem","position":1,"name":"Home","item":"https:\/\/silicon-saxony.de\/en\/home\/"},{"@type":"ListItem","position":2,"name":"Imprint"}]},{"@type":"WebSite","@id":"https:\/\/silicon-saxony.de\/en\/#website","url":"https:\/\/silicon-saxony.de\/en\/","name":"Silicon Saxony","description":"Germany&#039;s Hightech Network - Semiconductors, Software, Robotics","potentialAction":[{"@type":"SearchAction","target":{"@type":"EntryPoint","urlTemplate":"https:\/\/silicon-saxony.de\/en\/?s={search_term_string}"},"query-input":{"@type":"PropertyValueSpecification","valueRequired":true,"valueName":"search_term_string"}}],"inLanguage":"en-US"}]}},"_links":{"self":[{"href":"https:\/\/silicon-saxony.de\/en\/wp-json\/wp\/v2\/pages\/28963","targetHints":{"allow":["GET"]}}],"collection":[{"href":"https:\/\/silicon-saxony.de\/en\/wp-json\/wp\/v2\/pages"}],"about":[{"href":"https:\/\/silicon-saxony.de\/en\/wp-json\/wp\/v2\/types\/page"}],"author":[{"embeddable":true,"href":"https:\/\/silicon-saxony.de\/en\/wp-json\/wp\/v2\/users\/1"}],"replies":[{"embeddable":true,"href":"https:\/\/silicon-saxony.de\/en\/wp-json\/wp\/v2\/comments?post=28963"}],"version-history":[{"count":0,"href":"https:\/\/silicon-saxony.de\/en\/wp-json\/wp\/v2\/pages\/28963\/revisions"}],"wp:attachment":[{"href":"https:\/\/silicon-saxony.de\/en\/wp-json\/wp\/v2\/media?parent=28963"}],"curies":[{"name":"wp","href":"https:\/\/api.w.org\/{rel}","templated":true}]}}